{"id":24357,"date":"2025-09-13T11:50:58","date_gmt":"2025-09-13T11:50:58","guid":{"rendered":"https:\/\/leweiprecision.com\/?page_id=24357"},"modified":"2025-10-07T06:13:06","modified_gmt":"2025-10-07T06:13:06","slug":"politica-de-privacidade","status":"publish","type":"page","link":"https:\/\/leweiprecision.com\/pt\/politica-de-privacidade\/","title":{"rendered":"Pol\u00edtica de privacidade"},"content":{"rendered":"<div data-elementor-type=\"wp-page\" data-elementor-id=\"24357\" class=\"elementor elementor-24357\" data-elementor-post-type=\"page\">\n\t\t\t\t<div class=\"elementor-element elementor-element-51da53f e-flex e-con-boxed e-con e-parent\" data-id=\"51da53f\" data-element_type=\"container\" data-e-type=\"container\">\n\t\t\t\t\t<div class=\"e-con-inner\">\n\t\t\t\t<div class=\"elementor-element elementor-element-ca6b280 elementor-widget elementor-widget-heading\" data-id=\"ca6b280\" data-element_type=\"widget\" data-e-type=\"widget\" data-widget_type=\"heading.default\">\n\t\t\t\t\t<h2 class=\"elementor-heading-title elementor-size-default\">POL\u00cdTICA DE PRIVACIDADE\n<\/h2>\t\t\t\t<\/div>\n\t\t\t\t<div class=\"elementor-element elementor-element-00f7bb6 elementor-widget elementor-widget-heading\" data-id=\"00f7bb6\" data-element_type=\"widget\" data-e-type=\"widget\" data-widget_type=\"heading.default\">\n\t\t\t\t\t<h2 class=\"elementor-heading-title elementor-size-default\">Geral<\/h2>\t\t\t\t<\/div>\n\t\t\t\t<div class=\"elementor-element elementor-element-9c82a40 elementor-widget elementor-widget-text-editor\" data-id=\"9c82a40\" data-element_type=\"widget\" data-e-type=\"widget\" data-widget_type=\"text-editor.default\">\n\t\t\t\t\t\t\t\t\t<p>Em <strong data-start=\"203\" data-end=\"222\">Precis\u00e3o Lewei<\/strong>A nossa empresa, a C.M., respeita a sua privacidade e est\u00e1 empenhada em proteger os seus dados pessoais. Esta Pol\u00edtica de Privacidade explica como recolhemos, utilizamos e salvaguardamos as informa\u00e7\u00f5es quando utiliza o nosso s\u00edtio Web e servi\u00e7os de fabrico de precis\u00e3o, incluindo maquinagem CNC, moldagem por inje\u00e7\u00e3o, fabrico de chapas met\u00e1licas e solu\u00e7\u00f5es de materiais de alum\u00ednio.<\/p>\t\t\t\t\t\t\t\t<\/div>\n\t\t\t\t<div class=\"elementor-element elementor-element-401adcc elementor-widget elementor-widget-heading\" data-id=\"401adcc\" data-element_type=\"widget\" data-e-type=\"widget\" data-widget_type=\"heading.default\">\n\t\t\t\t\t<h2 class=\"elementor-heading-title elementor-size-default\">Informa\u00e7\u00f5es que recolhemos<\/h2>\t\t\t\t<\/div>\n\t\t\t\t<div class=\"elementor-element elementor-element-1bcc4df elementor-widget elementor-widget-text-editor\" data-id=\"1bcc4df\" data-element_type=\"widget\" data-e-type=\"widget\" data-widget_type=\"text-editor.default\">\n\t\t\t\t\t\t\t\t\t<p>Recolhemos dados pessoais como o seu nome, empresa, e-mail, n\u00famero de telefone e endere\u00e7os de fatura\u00e7\u00e3o ou de envio quando interage com o nosso site. Tamb\u00e9m recebemos informa\u00e7\u00f5es sobre projectos, como ficheiros CAD, desenhos de engenharia e especifica\u00e7\u00f5es que carrega para or\u00e7amentos ou encomendas. Os detalhes de pagamento s\u00e3o processados de forma segura atrav\u00e9s de fornecedores terceiros de confian\u00e7a. Al\u00e9m disso, recolhemos dados de utiliza\u00e7\u00e3o do s\u00edtio Web, tais como o seu endere\u00e7o IP, browser, tipo de dispositivo e p\u00e1ginas visitadas, para nos ajudar a melhorar a sua experi\u00eancia.<\/p>\t\t\t\t\t\t\t\t<\/div>\n\t\t\t\t<div class=\"elementor-element elementor-element-187cd54 elementor-widget elementor-widget-heading\" data-id=\"187cd54\" data-element_type=\"widget\" data-e-type=\"widget\" data-widget_type=\"heading.default\">\n\t\t\t\t\t<h2 class=\"elementor-heading-title elementor-size-default\">Cookies e an\u00e1lises<\/h2>\t\t\t\t<\/div>\n\t\t\t\t<div class=\"elementor-element elementor-element-903c017 elementor-widget elementor-widget-text-editor\" data-id=\"903c017\" data-element_type=\"widget\" data-e-type=\"widget\" data-widget_type=\"text-editor.default\">\n\t\t\t\t\t\t\t\t\t<p>O nosso s\u00edtio Web utiliza cookies e ferramentas de an\u00e1lise para manter o s\u00edtio funcional, recordar as suas prefer\u00eancias e simplificar os processos de cota\u00e7\u00e3o. Estas ferramentas tamb\u00e9m nos ajudam a compreender como os visitantes utilizam o s\u00edtio, o que nos permite melhorar o desempenho e fornecer conte\u00fados mais relevantes. Pode desativar os cookies no seu browser, mas isso pode afetar funcionalidades como o carregamento de ficheiros e a cota\u00e7\u00e3o instant\u00e2nea.<\/p>\t\t\t\t\t\t\t\t<\/div>\n\t\t\t\t<div class=\"elementor-element elementor-element-d22fbdd elementor-widget elementor-widget-heading\" data-id=\"d22fbdd\" data-element_type=\"widget\" data-e-type=\"widget\" data-widget_type=\"heading.default\">\n\t\t\t\t\t<h2 class=\"elementor-heading-title elementor-size-default\">Mensagens privadas<\/h2>\t\t\t\t<\/div>\n\t\t\t\t<div class=\"elementor-element elementor-element-f73cb64 elementor-widget elementor-widget-text-editor\" data-id=\"f73cb64\" data-element_type=\"widget\" data-e-type=\"widget\" data-widget_type=\"text-editor.default\">\n\t\t\t\t\t\t\t\t\t<p>Ao utilizar os nossos servi\u00e7os, o utilizador pode trocar mensagens privadas (texto, verbal, imagens, v\u00eddeos, localiza\u00e7\u00f5es, dados de contacto) connosco. Armazenamos estas mensagens para fornecer e melhorar os nossos servi\u00e7os, e conforme exigido por lei.<\/p>\t\t\t\t\t\t\t\t<\/div>\n\t\t\t\t<div class=\"elementor-element elementor-element-8639482 elementor-widget elementor-widget-heading\" data-id=\"8639482\" data-element_type=\"widget\" data-e-type=\"widget\" data-widget_type=\"heading.default\">\n\t\t\t\t\t<h2 class=\"elementor-heading-title elementor-size-default\">Informa\u00e7\u00f5es geradas automaticamente<\/h2>\t\t\t\t<\/div>\n\t\t\t\t<div class=\"elementor-element elementor-element-55adc8d elementor-widget elementor-widget-text-editor\" data-id=\"55adc8d\" data-element_type=\"widget\" data-e-type=\"widget\" data-widget_type=\"text-editor.default\">\n\t\t\t\t\t\t\t\t\t<p data-start=\"2891\" data-end=\"3196\">Quando visita o nosso Web site, registamos automaticamente informa\u00e7\u00f5es como o seu endere\u00e7o IP, tipo de navegador, idioma do navegador, sistema operativo, Web site de refer\u00eancia, p\u00e1ginas visualizadas, tempo passado nas p\u00e1ginas e horas de acesso. Tamb\u00e9m podemos recolher estas informa\u00e7\u00f5es atrav\u00e9s da utiliza\u00e7\u00e3o de \"cookies\", de acordo com esta Pol\u00edtica de Privacidade.<\/p>\n<p data-start=\"3198\" data-end=\"3283\">Cada uma destas categorias de informa\u00e7\u00e3o pode constituir a sua \"informa\u00e7\u00e3o pessoal\".<\/p>\t\t\t\t\t\t\t\t<\/div>\n\t\t\t\t<div class=\"elementor-element elementor-element-8aec1a4 elementor-widget elementor-widget-heading\" data-id=\"8aec1a4\" data-element_type=\"widget\" data-e-type=\"widget\" data-widget_type=\"heading.default\">\n\t\t\t\t\t<h2 class=\"elementor-heading-title elementor-size-default\">Como utilizamos as suas informa\u00e7\u00f5es pessoais e com que fundamento<\/h2>\t\t\t\t<\/div>\n\t\t\t\t<div class=\"elementor-element elementor-element-a3232ca elementor-widget elementor-widget-text-editor\" data-id=\"a3232ca\" data-element_type=\"widget\" data-e-type=\"widget\" data-widget_type=\"text-editor.default\">\n\t\t\t\t\t\t\t\t\t<p data-start=\"3353\" data-end=\"3403\">Podemos utilizar as suas informa\u00e7\u00f5es pessoais da seguinte forma:<\/p>\n<ul data-start=\"3405\" data-end=\"4364\">\n<li data-start=\"3405\" data-end=\"3549\">\n<p data-start=\"3407\" data-end=\"3549\">Fornecer os nossos servi\u00e7os de fabrico, incluindo maquinagem CNC, moldagem por inje\u00e7\u00e3o, fabrico de chapas met\u00e1licas e solu\u00e7\u00f5es de materiais de alum\u00ednio.<\/p>\n<\/li>\n<li data-start=\"3550\" data-end=\"3690\">\n<p data-start=\"3552\" data-end=\"3690\">Para facilitar a comunica\u00e7\u00e3o necess\u00e1ria para prestar os nossos servi\u00e7os, incluindo a partilha de informa\u00e7\u00f5es pessoais quando necess\u00e1rio para satisfazer uma encomenda.<\/p>\n<\/li>\n<li data-start=\"3691\" data-end=\"3754\">\n<p data-start=\"3693\" data-end=\"3754\">Para operar, manter e melhorar o nosso s\u00edtio Web e os nossos servi\u00e7os.<\/p>\n<\/li>\n<li data-start=\"3755\" data-end=\"3823\">\n<p data-start=\"3757\" data-end=\"3823\">Para responder a coment\u00e1rios e perguntas e prestar apoio ao cliente.<\/p>\n<\/li>\n<li data-start=\"3824\" data-end=\"3940\">\n<p data-start=\"3826\" data-end=\"3940\">Para enviar confirma\u00e7\u00f5es de encomendas, facturas, avisos t\u00e9cnicos, actualiza\u00e7\u00f5es, alertas de seguran\u00e7a e mensagens administrativas.<\/p>\n<\/li>\n<li data-start=\"3941\" data-end=\"4075\">\n<p data-start=\"3943\" data-end=\"4075\">Para comunicar sobre promo\u00e7\u00f5es, novos servi\u00e7os, materiais e outras actualiza\u00e7\u00f5es oferecidas por n\u00f3s ou por parceiros de confian\u00e7a (com o seu consentimento).<\/p>\n<\/li>\n<li data-start=\"4076\" data-end=\"4143\">\n<p data-start=\"4078\" data-end=\"4143\">Para notificar o utilizador sobre altera\u00e7\u00f5es ao nosso Website, servi\u00e7os ou termos.<\/p>\n<\/li>\n<li data-start=\"4144\" data-end=\"4208\">\n<p data-start=\"4146\" data-end=\"4208\">Para analisar as tend\u00eancias de utiliza\u00e7\u00e3o e melhorar a efic\u00e1cia do marketing.<\/p>\n<\/li>\n<li data-start=\"4209\" data-end=\"4285\">\n<p data-start=\"4211\" data-end=\"4285\">Combinar as informa\u00e7\u00f5es do utilizador com outros dados para uma melhor presta\u00e7\u00e3o de servi\u00e7os.<\/p>\n<\/li>\n<li data-start=\"4286\" data-end=\"4364\">\n<p data-start=\"4288\" data-end=\"4364\">Para cumprir os requisitos legais, fazer cumprir os acordos e proteger os direitos.<\/p>\n<\/li>\n<\/ul>\n<p data-start=\"4366\" data-end=\"4526\">Tamb\u00e9m podemos partilhar informa\u00e7\u00f5es pessoais com autoridades ou terceiros para fins legais, de prote\u00e7\u00e3o ou de seguran\u00e7a, incluindo preven\u00e7\u00e3o de fraudes e conformidade.<\/p>\n<p data-start=\"4528\" data-end=\"4734\">O controlo e\/ou processamento das suas informa\u00e7\u00f5es pessoais baseia-se no seu consentimento, na execu\u00e7\u00e3o de um acordo consigo, no cumprimento de uma obriga\u00e7\u00e3o legal ou nos nossos interesses comerciais leg\u00edtimos.<\/p>\t\t\t\t\t\t\t\t<\/div>\n\t\t\t\t<div class=\"elementor-element elementor-element-9a7898e elementor-widget elementor-widget-heading\" data-id=\"9a7898e\" data-element_type=\"widget\" data-e-type=\"widget\" data-widget_type=\"heading.default\">\n\t\t\t\t\t<h2 class=\"elementor-heading-title elementor-size-default\">Durante quanto tempo guardamos as suas informa\u00e7\u00f5es pessoais<\/h2>\t\t\t\t<\/div>\n\t\t\t\t<div class=\"elementor-element elementor-element-5a94eb3 elementor-widget elementor-widget-text-editor\" data-id=\"5a94eb3\" data-element_type=\"widget\" data-e-type=\"widget\" data-widget_type=\"text-editor.default\">\n\t\t\t\t\t\t\t\t\t<p data-start=\"4789\" data-end=\"4897\">N\u00e3o conservamos informa\u00e7\u00f5es pessoais durante mais tempo do que o necess\u00e1rio. A conserva\u00e7\u00e3o depende do fundamento do tratamento:<\/p>\n<ul data-start=\"4899\" data-end=\"5326\">\n<li data-start=\"4899\" data-end=\"4956\">\n<p data-start=\"4901\" data-end=\"4956\"><strong data-start=\"4901\" data-end=\"4913\">Autorizado:<\/strong> Os dados s\u00e3o guardados at\u00e9 o utilizador revogar o consentimento.<\/p>\n<\/li>\n<li data-start=\"4957\" data-end=\"5069\">\n<p data-start=\"4959\" data-end=\"5069\"><strong data-start=\"4959\" data-end=\"4973\">Acordo:<\/strong> Os dados s\u00e3o armazenados at\u00e9 sete anos ap\u00f3s o termo do acordo ou a resolu\u00e7\u00e3o de qualquer lit\u00edgio.<\/p>\n<\/li>\n<li data-start=\"5070\" data-end=\"5142\">\n<p data-start=\"5072\" data-end=\"5142\"><strong data-start=\"5072\" data-end=\"5093\">Obriga\u00e7\u00e3o legal:<\/strong> Os dados s\u00e3o armazenados durante o per\u00edodo exigido por lei.<\/p>\n<\/li>\n<li data-start=\"5143\" data-end=\"5251\">\n<p data-start=\"5145\" data-end=\"5251\"><strong data-start=\"5145\" data-end=\"5161\">Recrutamento:<\/strong> Os dados dos candidatos s\u00e3o anonimizados ap\u00f3s tr\u00eas meses, a menos que opte por manter o contacto.<\/p>\n<\/li>\n<li data-start=\"5252\" data-end=\"5326\">\n<p data-start=\"5254\" data-end=\"5326\"><strong data-start=\"5254\" data-end=\"5266\">Cookies:<\/strong> Armazenamento por um per\u00edodo m\u00e1ximo de dois anos, consoante o tipo.<\/p>\n<\/li>\n<\/ul>\t\t\t\t\t\t\t\t<\/div>\n\t\t\t\t<div class=\"elementor-element elementor-element-e9c9911 elementor-widget elementor-widget-heading\" data-id=\"e9c9911\" data-element_type=\"widget\" data-e-type=\"widget\" data-widget_type=\"heading.default\">\n\t\t\t\t\t<h2 class=\"elementor-heading-title elementor-size-default\">Terceiros<\/h2>\t\t\t\t<\/div>\n\t\t\t\t<div class=\"elementor-element elementor-element-dc6af0d elementor-widget elementor-widget-text-editor\" data-id=\"dc6af0d\" data-element_type=\"widget\" data-e-type=\"widget\" data-widget_type=\"text-editor.default\">\n\t\t\t\t\t\t\t\t\t<p data-start=\"5836\" data-end=\"6137\">Contratamos terceiros para desempenharem fun\u00e7\u00f5es em nosso nome, incluindo alojamento, an\u00e1lise, processamento de pagamentos, expedi\u00e7\u00e3o, c\u00e1lculo de impostos e gest\u00e3o de ficheiros CAD. Estes terceiros processam as informa\u00e7\u00f5es pessoais do utilizador apenas na medida do necess\u00e1rio para a presta\u00e7\u00e3o de servi\u00e7os e sob estritas obriga\u00e7\u00f5es de confidencialidade.<\/p>\n<p data-start=\"6139\" data-end=\"6347\">Se as suas informa\u00e7\u00f5es pessoais forem transferidas para fora do seu pa\u00eds, garantimos uma prote\u00e7\u00e3o adequada em conformidade com a legisla\u00e7\u00e3o aplic\u00e1vel, como o RGPD, atrav\u00e9s de cl\u00e1usulas contratuais-tipo ou outros mecanismos aprovados.<\/p>\t\t\t\t\t\t\t\t<\/div>\n\t\t\t\t<div class=\"elementor-element elementor-element-0fff430 elementor-widget elementor-widget-heading\" data-id=\"0fff430\" data-element_type=\"widget\" data-e-type=\"widget\" data-widget_type=\"heading.default\">\n\t\t\t\t\t<h2 class=\"elementor-heading-title elementor-size-default\">Seguran\u00e7a<\/h2>\t\t\t\t<\/div>\n\t\t\t\t<div class=\"elementor-element elementor-element-826e414 elementor-widget elementor-widget-text-editor\" data-id=\"826e414\" data-element_type=\"widget\" data-e-type=\"widget\" data-widget_type=\"text-editor.default\">\n\t\t\t\t\t\t\t\t\t<p data-start=\"6897\" data-end=\"7106\">Implementamos medidas t\u00e9cnicas e organizacionais para proteger as informa\u00e7\u00f5es pessoais do utilizador contra acesso n\u00e3o autorizado, perda, utiliza\u00e7\u00e3o indevida ou divulga\u00e7\u00e3o. Isto inclui encripta\u00e7\u00e3o, servidores seguros e acesso restrito.<\/p>\n<p data-start=\"7108\" data-end=\"7313\">No entanto, nenhum m\u00e9todo de transmiss\u00e3o atrav\u00e9s da Internet \u00e9 100% seguro. Embora nos esforcemos por proteger as suas informa\u00e7\u00f5es, n\u00e3o podemos garantir uma seguran\u00e7a absoluta. A transmiss\u00e3o de dados pessoais \u00e9 efectuada por sua conta e risco.<\/p>\t\t\t\t\t\t\t\t<\/div>\n\t\t\t\t<div class=\"elementor-element elementor-element-dac649f elementor-widget elementor-widget-heading\" data-id=\"dac649f\" data-element_type=\"widget\" data-e-type=\"widget\" data-widget_type=\"heading.default\">\n\t\t\t\t\t<h2 class=\"elementor-heading-title elementor-size-default\">Privacidade das crian\u00e7as<\/h2>\t\t\t\t<\/div>\n\t\t\t\t<div class=\"elementor-element elementor-element-7ca22db elementor-widget elementor-widget-text-editor\" data-id=\"7ca22db\" data-element_type=\"widget\" data-e-type=\"widget\" data-widget_type=\"text-editor.default\">\n\t\t\t\t\t\t\t\t\t<p data-start=\"8034\" data-end=\"8257\">O nosso s\u00edtio Web e os nossos servi\u00e7os n\u00e3o s\u00e3o dirigidos a crian\u00e7as com menos de 16 anos de idade. N\u00e3o recolhemos intencionalmente dados pessoais de crian\u00e7as. Se descobrirmos que recolhemos dados de uma crian\u00e7a, apag\u00e1-los-emos imediatamente.<\/p>\t\t\t\t\t\t\t\t<\/div>\n\t\t\t\t<div class=\"elementor-element elementor-element-3c492af elementor-widget elementor-widget-heading\" data-id=\"3c492af\" data-element_type=\"widget\" data-e-type=\"widget\" data-widget_type=\"heading.default\">\n\t\t\t\t\t<h2 class=\"elementor-heading-title elementor-size-default\">Contactar-nos<\/h2>\t\t\t\t<\/div>\n\t\t\t\t<div class=\"elementor-element elementor-element-18eca5e elementor-widget elementor-widget-text-editor\" data-id=\"18eca5e\" data-element_type=\"widget\" data-e-type=\"widget\" data-widget_type=\"text-editor.default\">\n\t\t\t\t\t\t\t\t\t<p data-start=\"8280\" data-end=\"8403\">Se tiver alguma d\u00favida, preocupa\u00e7\u00e3o ou reclama\u00e7\u00e3o sobre esta Pol\u00edtica de Privacidade ou sobre as nossas pr\u00e1ticas de dados, contacte-nos atrav\u00e9s do seguinte endere\u00e7o<\/p>\t\t\t\t\t\t\t\t<\/div>\n\t\t\t\t<div class=\"elementor-element elementor-element-d142fb9 elementor-widget__width-initial elementor-widget-mobile__width-inherit elementor-icon-list--layout-traditional elementor-list-item-link-full_width elementor-widget elementor-widget-icon-list\" data-id=\"d142fb9\" data-element_type=\"widget\" data-e-type=\"widget\" data-widget_type=\"icon-list.default\">\n\t\t\t\t\t\t\t<ul class=\"elementor-icon-list-items\">\n\t\t\t\t\t\t\t<li class=\"elementor-icon-list-item\">\n\t\t\t\t\t\t\t\t\t\t\t<a href=\"mailto:+8613560801783\">\n\n\t\t\t\t\t\t\t\t\t\t\t\t<span class=\"elementor-icon-list-icon\">\n\t\t\t\t\t\t\t<svg aria-hidden=\"true\" class=\"e-font-icon-svg e-fas-phone-alt\" viewbox=\"0 0 512 512\" xmlns=\"http:\/\/www.w3.org\/2000\/svg\"><path d=\"M497.39 361.8l-112-48a24 24 0 0 0-28 6.9l-49.6 60.6A370.66 370.66 0 0 1 130.6 204.11l60.6-49.6a23.94 23.94 0 0 0 6.9-28l-48-112A24.16 24.16 0 0 0 122.6.61l-104 24A24 24 0 0 0 0 48c0 256.5 207.9 464 464 464a24 24 0 0 0 23.4-18.6l24-104a24.29 24.29 0 0 0-14.01-27.6z\"><\/path><\/svg>\t\t\t\t\t\t<\/span>\n\t\t\t\t\t\t\t\t\t\t<span class=\"elementor-icon-list-text\">+86 133 3267 1751<\/span>\n\t\t\t\t\t\t\t\t\t\t\t<\/a>\n\t\t\t\t\t\t\t\t\t<\/li>\n\t\t\t\t\t\t\t\t<li class=\"elementor-icon-list-item\">\n\t\t\t\t\t\t\t\t\t\t\t<a href=\"mailto:leweijixie123@163.com\">\n\n\t\t\t\t\t\t\t\t\t\t\t\t<span class=\"elementor-icon-list-icon\">\n\t\t\t\t\t\t\t<svg aria-hidden=\"true\" class=\"e-font-icon-svg e-far-envelope\" viewbox=\"0 0 512 512\" xmlns=\"http:\/\/www.w3.org\/2000\/svg\"><path d=\"M464 64H48C21.49 64 0 85.49 0 112v288c0 26.51 21.49 48 48 48h416c26.51 0 48-21.49 48-48V112c0-26.51-21.49-48-48-48zm0 48v40.805c-22.422 18.259-58.168 46.651-134.587 106.49-16.841 13.247-50.201 45.072-73.413 44.701-23.208.375-56.579-31.459-73.413-44.701C106.18 199.465 70.425 171.067 48 152.805V112h416zM48 400V214.398c22.914 18.251 55.409 43.862 104.938 82.646 21.857 17.205 60.134 55.186 103.062 54.955 42.717.231 80.509-37.199 103.053-54.947 49.528-38.783 82.032-64.401 104.947-82.653V400H48z\"><\/path><\/svg>\t\t\t\t\t\t<\/span>\n\t\t\t\t\t\t\t\t\t\t<span class=\"elementor-icon-list-text\">coco.xie@cnclewei.com<\/span>\n\t\t\t\t\t\t\t\t\t\t\t<\/a>\n\t\t\t\t\t\t\t\t\t<\/li>\n\t\t\t\t\t\t\t\t<li class=\"elementor-icon-list-item\">\n\t\t\t\t\t\t\t\t\t\t\t<span class=\"elementor-icon-list-icon\">\n\t\t\t\t\t\t\t<svg aria-hidden=\"true\" class=\"e-font-icon-svg e-fas-map-pin\" viewbox=\"0 0 288 512\" xmlns=\"http:\/\/www.w3.org\/2000\/svg\"><path d=\"M112 316.94v156.69l22.02 33.02c4.75 7.12 15.22 7.12 19.97 0L176 473.63V316.94c-10.39 1.92-21.06 3.06-32 3.06s-21.61-1.14-32-3.06zM144 0C64.47 0 0 64.47 0 144s64.47 144 144 144 144-64.47 144-144S223.53 0 144 0zm0 76c-37.5 0-68 30.5-68 68 0 6.62-5.38 12-12 12s-12-5.38-12-12c0-50.73 41.28-92 92-92 6.62 0 12 5.38 12 12s-5.38 12-12 12z\"><\/path><\/svg>\t\t\t\t\t\t<\/span>\n\t\t\t\t\t\t\t\t\t\t<span class=\"elementor-icon-list-text\">Lewei Precision MFG CO LTD Endere\u00e7o: No.272, Zhongxinjin Road, Shuikou Industrial Zone, Dalang Town, Dongguan City, Guangdong Province .CN 523770<\/span>\n\t\t\t\t\t\t\t\t\t<\/li>\n\t\t\t\t\t\t<\/ul>\n\t\t\t\t\t\t<\/div>\n\t\t\t\t\t<\/div>\n\t\t\t\t<\/div>\n\t\t\t\t<\/div>","protected":false},"excerpt":{"rendered":"<p>PRIVACY POLICY General At Lewei Precision, we respect your privacy and are committed to protecting your personal data. This Privacy Policy explains how we collect, use, and safeguard information when you use our website and precision manufacturing services, including CNC machining, injection molding, sheet metal fabrication, and aluminum material solutions. Information We Collect We collect [&hellip;]<\/p>","protected":false},"author":1,"featured_media":0,"parent":0,"menu_order":0,"comment_status":"closed","ping_status":"closed","template":"","meta":{"_acf_changed":false,"_seopress_robots_primary_cat":"","_seopress_titles_title":"Privacy Policy | Lewei Precision Manufacturing","_seopress_titles_desc":"Lewei Precision's privacy policy. Learn how we collect, use, and protect your personal data when using our CNC machining and manufacturing services.","_seopress_robots_index":"","footnotes":""},"class_list":["post-24357","page","type-page","status-publish","hentry"],"acf":[],"_links":{"self":[{"href":"https:\/\/leweiprecision.com\/pt\/wp-json\/wp\/v2\/pages\/24357","targetHints":{"allow":["GET"]}}],"collection":[{"href":"https:\/\/leweiprecision.com\/pt\/wp-json\/wp\/v2\/pages"}],"about":[{"href":"https:\/\/leweiprecision.com\/pt\/wp-json\/wp\/v2\/types\/page"}],"author":[{"embeddable":true,"href":"https:\/\/leweiprecision.com\/pt\/wp-json\/wp\/v2\/users\/1"}],"replies":[{"embeddable":true,"href":"https:\/\/leweiprecision.com\/pt\/wp-json\/wp\/v2\/comments?post=24357"}],"version-history":[{"count":1,"href":"https:\/\/leweiprecision.com\/pt\/wp-json\/wp\/v2\/pages\/24357\/revisions"}],"predecessor-version":[{"id":26420,"href":"https:\/\/leweiprecision.com\/pt\/wp-json\/wp\/v2\/pages\/24357\/revisions\/26420"}],"wp:attachment":[{"href":"https:\/\/leweiprecision.com\/pt\/wp-json\/wp\/v2\/media?parent=24357"}],"curies":[{"name":"wp","href":"https:\/\/api.w.org\/{rel}","templated":true}]}}