{"id":24357,"date":"2025-09-13T11:50:58","date_gmt":"2025-09-13T11:50:58","guid":{"rendered":"https:\/\/leweiprecision.com\/?page_id=24357"},"modified":"2025-10-07T06:13:06","modified_gmt":"2025-10-07T06:13:06","slug":"politica-de-privacidad","status":"publish","type":"page","link":"https:\/\/leweiprecision.com\/es\/politica-de-privacidad\/","title":{"rendered":"Pol\u00edtica de privacidad"},"content":{"rendered":"<div data-elementor-type=\"wp-page\" data-elementor-id=\"24357\" class=\"elementor elementor-24357\" data-elementor-post-type=\"page\">\n\t\t\t\t<div class=\"elementor-element elementor-element-51da53f e-flex e-con-boxed e-con e-parent\" data-id=\"51da53f\" data-element_type=\"container\" data-e-type=\"container\">\n\t\t\t\t\t<div class=\"e-con-inner\">\n\t\t\t\t<div class=\"elementor-element elementor-element-ca6b280 elementor-widget elementor-widget-heading\" data-id=\"ca6b280\" data-element_type=\"widget\" data-e-type=\"widget\" data-widget_type=\"heading.default\">\n\t\t\t\t\t<h2 class=\"elementor-heading-title elementor-size-default\">POL\u00cdTICA DE PRIVACIDAD\n<\/h2>\t\t\t\t<\/div>\n\t\t\t\t<div class=\"elementor-element elementor-element-00f7bb6 elementor-widget elementor-widget-heading\" data-id=\"00f7bb6\" data-element_type=\"widget\" data-e-type=\"widget\" data-widget_type=\"heading.default\">\n\t\t\t\t\t<h2 class=\"elementor-heading-title elementor-size-default\">General<\/h2>\t\t\t\t<\/div>\n\t\t\t\t<div class=\"elementor-element elementor-element-9c82a40 elementor-widget elementor-widget-text-editor\" data-id=\"9c82a40\" data-element_type=\"widget\" data-e-type=\"widget\" data-widget_type=\"text-editor.default\">\n\t\t\t\t\t\t\t\t\t<p>En <strong data-start=\"203\" data-end=\"222\">Precisi\u00f3n Lewei<\/strong>respetamos su privacidad y nos comprometemos a proteger sus datos personales. Esta pol\u00edtica de privacidad explica c\u00f3mo recopilamos, utilizamos y protegemos la informaci\u00f3n cuando usted utiliza nuestro sitio web y nuestros servicios de fabricaci\u00f3n de precisi\u00f3n, incluyendo mecanizado CNC, moldeo por inyecci\u00f3n, fabricaci\u00f3n de chapa met\u00e1lica y soluciones de materiales de aluminio.<\/p>\t\t\t\t\t\t\t\t<\/div>\n\t\t\t\t<div class=\"elementor-element elementor-element-401adcc elementor-widget elementor-widget-heading\" data-id=\"401adcc\" data-element_type=\"widget\" data-e-type=\"widget\" data-widget_type=\"heading.default\">\n\t\t\t\t\t<h2 class=\"elementor-heading-title elementor-size-default\">Informaci\u00f3n que recopilamos<\/h2>\t\t\t\t<\/div>\n\t\t\t\t<div class=\"elementor-element elementor-element-1bcc4df elementor-widget elementor-widget-text-editor\" data-id=\"1bcc4df\" data-element_type=\"widget\" data-e-type=\"widget\" data-widget_type=\"text-editor.default\">\n\t\t\t\t\t\t\t\t\t<p>Recopilamos datos personales como su nombre, empresa, correo electr\u00f3nico, n\u00famero de tel\u00e9fono y direcciones de facturaci\u00f3n o env\u00edo cuando interact\u00faa con nuestro sitio. Tambi\u00e9n recibimos informaci\u00f3n sobre proyectos, como archivos CAD, planos de ingenier\u00eda y especificaciones que usted carga para presupuestos o pedidos. Los datos de pago se procesan de forma segura a trav\u00e9s de proveedores externos de confianza. Adem\u00e1s, recopilamos datos de uso del sitio web como su direcci\u00f3n IP, navegador, tipo de dispositivo y p\u00e1ginas visitadas para ayudarnos a mejorar su experiencia.<\/p>\t\t\t\t\t\t\t\t<\/div>\n\t\t\t\t<div class=\"elementor-element elementor-element-187cd54 elementor-widget elementor-widget-heading\" data-id=\"187cd54\" data-element_type=\"widget\" data-e-type=\"widget\" data-widget_type=\"heading.default\">\n\t\t\t\t\t<h2 class=\"elementor-heading-title elementor-size-default\">Cookies y an\u00e1lisis<\/h2>\t\t\t\t<\/div>\n\t\t\t\t<div class=\"elementor-element elementor-element-903c017 elementor-widget elementor-widget-text-editor\" data-id=\"903c017\" data-element_type=\"widget\" data-e-type=\"widget\" data-widget_type=\"text-editor.default\">\n\t\t\t\t\t\t\t\t\t<p>Nuestro sitio web utiliza cookies y herramientas anal\u00edticas para mantener la funcionalidad del sitio, recordar sus preferencias y agilizar los procesos de cotizaci\u00f3n. Estas herramientas tambi\u00e9n nos ayudan a entender c\u00f3mo los visitantes utilizan el sitio, lo que nos permite mejorar el rendimiento y ofrecer un contenido m\u00e1s relevante. Puede desactivar las cookies en su navegador, pero esto puede afectar a funciones como la carga de archivos y la cotizaci\u00f3n instant\u00e1nea.<\/p>\t\t\t\t\t\t\t\t<\/div>\n\t\t\t\t<div class=\"elementor-element elementor-element-d22fbdd elementor-widget elementor-widget-heading\" data-id=\"d22fbdd\" data-element_type=\"widget\" data-e-type=\"widget\" data-widget_type=\"heading.default\">\n\t\t\t\t\t<h2 class=\"elementor-heading-title elementor-size-default\">Mensajes privados<\/h2>\t\t\t\t<\/div>\n\t\t\t\t<div class=\"elementor-element elementor-element-f73cb64 elementor-widget elementor-widget-text-editor\" data-id=\"f73cb64\" data-element_type=\"widget\" data-e-type=\"widget\" data-widget_type=\"text-editor.default\">\n\t\t\t\t\t\t\t\t\t<p>Al utilizar nuestros servicios, puede intercambiar mensajes privados (de texto, verbales, im\u00e1genes, v\u00eddeos, ubicaciones, datos de contacto) con nosotros. Almacenamos estos mensajes para prestar y mejorar nuestros servicios, y por imperativo legal.<\/p>\t\t\t\t\t\t\t\t<\/div>\n\t\t\t\t<div class=\"elementor-element elementor-element-8639482 elementor-widget elementor-widget-heading\" data-id=\"8639482\" data-element_type=\"widget\" data-e-type=\"widget\" data-widget_type=\"heading.default\">\n\t\t\t\t\t<h2 class=\"elementor-heading-title elementor-size-default\">Informaci\u00f3n generada autom\u00e1ticamente<\/h2>\t\t\t\t<\/div>\n\t\t\t\t<div class=\"elementor-element elementor-element-55adc8d elementor-widget elementor-widget-text-editor\" data-id=\"55adc8d\" data-element_type=\"widget\" data-e-type=\"widget\" data-widget_type=\"text-editor.default\">\n\t\t\t\t\t\t\t\t\t<p data-start=\"2891\" data-end=\"3196\">Cuando visita nuestro sitio web, registramos autom\u00e1ticamente informaci\u00f3n como su direcci\u00f3n IP, tipo de navegador, idioma del navegador, sistema operativo, sitio web de referencia, p\u00e1ginas visitadas, tiempo de permanencia en las p\u00e1ginas y horas de acceso. Tambi\u00e9n podemos recopilar esta informaci\u00f3n mediante el uso de \"cookies\" de acuerdo con esta Pol\u00edtica de Privacidad.<\/p>\n<p data-start=\"3198\" data-end=\"3283\">Cada una de estas categor\u00edas de informaci\u00f3n puede constituir su \"informaci\u00f3n personal\".<\/p>\t\t\t\t\t\t\t\t<\/div>\n\t\t\t\t<div class=\"elementor-element elementor-element-8aec1a4 elementor-widget elementor-widget-heading\" data-id=\"8aec1a4\" data-element_type=\"widget\" data-e-type=\"widget\" data-widget_type=\"heading.default\">\n\t\t\t\t\t<h2 class=\"elementor-heading-title elementor-size-default\">C\u00f3mo utilizamos sus datos personales y por qu\u00e9 motivos<\/h2>\t\t\t\t<\/div>\n\t\t\t\t<div class=\"elementor-element elementor-element-a3232ca elementor-widget elementor-widget-text-editor\" data-id=\"a3232ca\" data-element_type=\"widget\" data-e-type=\"widget\" data-widget_type=\"text-editor.default\">\n\t\t\t\t\t\t\t\t\t<p data-start=\"3353\" data-end=\"3403\">Podemos utilizar su informaci\u00f3n personal de la siguiente manera:<\/p>\n<ul data-start=\"3405\" data-end=\"4364\">\n<li data-start=\"3405\" data-end=\"3549\">\n<p data-start=\"3407\" data-end=\"3549\">Proporcionar nuestros servicios de fabricaci\u00f3n, incluidos el mecanizado CNC, el moldeo por inyecci\u00f3n, la fabricaci\u00f3n de chapas met\u00e1licas y las soluciones de material de aluminio.<\/p>\n<\/li>\n<li data-start=\"3550\" data-end=\"3690\">\n<p data-start=\"3552\" data-end=\"3690\">Para facilitar la comunicaci\u00f3n necesaria para prestar nuestros servicios, incluido el intercambio de informaci\u00f3n personal cuando sea necesario para tramitar un pedido.<\/p>\n<\/li>\n<li data-start=\"3691\" data-end=\"3754\">\n<p data-start=\"3693\" data-end=\"3754\">Para operar, mantener y mejorar nuestro sitio web y nuestros servicios.<\/p>\n<\/li>\n<li data-start=\"3755\" data-end=\"3823\">\n<p data-start=\"3757\" data-end=\"3823\">Responder a comentarios, preguntas y prestar atenci\u00f3n al cliente.<\/p>\n<\/li>\n<li data-start=\"3824\" data-end=\"3940\">\n<p data-start=\"3826\" data-end=\"3940\">Para enviar confirmaciones de pedidos, facturas, avisos t\u00e9cnicos, actualizaciones, alertas de seguridad y mensajes administrativos.<\/p>\n<\/li>\n<li data-start=\"3941\" data-end=\"4075\">\n<p data-start=\"3943\" data-end=\"4075\">Para comunicarle promociones, nuevos servicios, materiales y otras actualizaciones ofrecidas por nosotros o por socios de confianza (con su consentimiento).<\/p>\n<\/li>\n<li data-start=\"4076\" data-end=\"4143\">\n<p data-start=\"4078\" data-end=\"4143\">Para notificarle cambios en nuestro sitio web, servicios o condiciones.<\/p>\n<\/li>\n<li data-start=\"4144\" data-end=\"4208\">\n<p data-start=\"4146\" data-end=\"4208\">Para analizar las tendencias de uso y mejorar la eficacia del marketing.<\/p>\n<\/li>\n<li data-start=\"4209\" data-end=\"4285\">\n<p data-start=\"4211\" data-end=\"4285\">Combinar la informaci\u00f3n de los usuarios con otros datos para mejorar la prestaci\u00f3n de servicios.<\/p>\n<\/li>\n<li data-start=\"4286\" data-end=\"4364\">\n<p data-start=\"4288\" data-end=\"4364\">Para cumplir los requisitos legales, hacer cumplir los acuerdos y proteger los derechos.<\/p>\n<\/li>\n<\/ul>\n<p data-start=\"4366\" data-end=\"4526\">Tambi\u00e9n podemos compartir informaci\u00f3n personal con autoridades o terceros con fines legales, de protecci\u00f3n o de seguridad, incluida la prevenci\u00f3n del fraude y el cumplimiento de la normativa.<\/p>\n<p data-start=\"4528\" data-end=\"4734\">El control y\/o tratamiento de su informaci\u00f3n personal se basa en su consentimiento, la ejecuci\u00f3n de un acuerdo con usted, el cumplimiento de una obligaci\u00f3n legal o nuestros leg\u00edtimos intereses comerciales.<\/p>\t\t\t\t\t\t\t\t<\/div>\n\t\t\t\t<div class=\"elementor-element elementor-element-9a7898e elementor-widget elementor-widget-heading\" data-id=\"9a7898e\" data-element_type=\"widget\" data-e-type=\"widget\" data-widget_type=\"heading.default\">\n\t\t\t\t\t<h2 class=\"elementor-heading-title elementor-size-default\">Cu\u00e1nto tiempo conservamos sus datos personales<\/h2>\t\t\t\t<\/div>\n\t\t\t\t<div class=\"elementor-element elementor-element-5a94eb3 elementor-widget elementor-widget-text-editor\" data-id=\"5a94eb3\" data-element_type=\"widget\" data-e-type=\"widget\" data-widget_type=\"text-editor.default\">\n\t\t\t\t\t\t\t\t\t<p data-start=\"4789\" data-end=\"4897\">No conservamos la informaci\u00f3n personal m\u00e1s tiempo del necesario. La conservaci\u00f3n depende de la base del tratamiento:<\/p>\n<ul data-start=\"4899\" data-end=\"5326\">\n<li data-start=\"4899\" data-end=\"4956\">\n<p data-start=\"4901\" data-end=\"4956\"><strong data-start=\"4901\" data-end=\"4913\">Consentimiento:<\/strong> Los datos se almacenan hasta que usted revoque el consentimiento.<\/p>\n<\/li>\n<li data-start=\"4957\" data-end=\"5069\">\n<p data-start=\"4959\" data-end=\"5069\"><strong data-start=\"4959\" data-end=\"4973\">Acuerdo:<\/strong> Los datos se conservan hasta siete a\u00f1os despu\u00e9s de la finalizaci\u00f3n del acuerdo o la resoluci\u00f3n de cualquier litigio.<\/p>\n<\/li>\n<li data-start=\"5070\" data-end=\"5142\">\n<p data-start=\"5072\" data-end=\"5142\"><strong data-start=\"5072\" data-end=\"5093\">Obligaci\u00f3n legal:<\/strong> Los datos se conservan durante el periodo exigido por la ley.<\/p>\n<\/li>\n<li data-start=\"5143\" data-end=\"5251\">\n<p data-start=\"5145\" data-end=\"5251\"><strong data-start=\"5145\" data-end=\"5161\">Contrataci\u00f3n:<\/strong> Los datos de los candidatos se anonimizan al cabo de tres meses, a menos que usted opte por permanecer en contacto.<\/p>\n<\/li>\n<li data-start=\"5252\" data-end=\"5326\">\n<p data-start=\"5254\" data-end=\"5326\"><strong data-start=\"5254\" data-end=\"5266\">Galletas:<\/strong> Almacenado durante un m\u00e1ximo de dos a\u00f1os, dependiendo del tipo.<\/p>\n<\/li>\n<\/ul>\t\t\t\t\t\t\t\t<\/div>\n\t\t\t\t<div class=\"elementor-element elementor-element-e9c9911 elementor-widget elementor-widget-heading\" data-id=\"e9c9911\" data-element_type=\"widget\" data-e-type=\"widget\" data-widget_type=\"heading.default\">\n\t\t\t\t\t<h2 class=\"elementor-heading-title elementor-size-default\">Terceros<\/h2>\t\t\t\t<\/div>\n\t\t\t\t<div class=\"elementor-element elementor-element-dc6af0d elementor-widget elementor-widget-text-editor\" data-id=\"dc6af0d\" data-element_type=\"widget\" data-e-type=\"widget\" data-widget_type=\"text-editor.default\">\n\t\t\t\t\t\t\t\t\t<p data-start=\"5836\" data-end=\"6137\">Contratamos a terceros para que realicen funciones en nuestro nombre, como alojamiento, an\u00e1lisis, procesamiento de pagos, env\u00edo, c\u00e1lculo de impuestos y gesti\u00f3n de archivos CAD. Estos terceros procesan su informaci\u00f3n personal solo en la medida necesaria para prestar los servicios y bajo estrictas obligaciones de confidencialidad.<\/p>\n<p data-start=\"6139\" data-end=\"6347\">Si su informaci\u00f3n personal se transfiere fuera de su pa\u00eds, garantizamos una protecci\u00f3n adecuada en l\u00ednea con las leyes aplicables, como el GDPR, a trav\u00e9s de cl\u00e1usulas contractuales est\u00e1ndar u otros mecanismos aprobados.<\/p>\t\t\t\t\t\t\t\t<\/div>\n\t\t\t\t<div class=\"elementor-element elementor-element-0fff430 elementor-widget elementor-widget-heading\" data-id=\"0fff430\" data-element_type=\"widget\" data-e-type=\"widget\" data-widget_type=\"heading.default\">\n\t\t\t\t\t<h2 class=\"elementor-heading-title elementor-size-default\">Seguridad<\/h2>\t\t\t\t<\/div>\n\t\t\t\t<div class=\"elementor-element elementor-element-826e414 elementor-widget elementor-widget-text-editor\" data-id=\"826e414\" data-element_type=\"widget\" data-e-type=\"widget\" data-widget_type=\"text-editor.default\">\n\t\t\t\t\t\t\t\t\t<p data-start=\"6897\" data-end=\"7106\">Aplicamos medidas t\u00e9cnicas y organizativas para proteger sus datos personales contra el acceso no autorizado, la p\u00e9rdida, el uso indebido o la divulgaci\u00f3n. Esto incluye encriptaci\u00f3n, servidores seguros y acceso restringido.<\/p>\n<p data-start=\"7108\" data-end=\"7313\">Sin embargo, ning\u00fan m\u00e9todo de transmisi\u00f3n por Internet es 100% seguro. Aunque nos esforzamos por proteger su informaci\u00f3n, no podemos garantizar una seguridad absoluta. La transmisi\u00f3n de datos personales corre por su cuenta y riesgo.<\/p>\t\t\t\t\t\t\t\t<\/div>\n\t\t\t\t<div class=\"elementor-element elementor-element-dac649f elementor-widget elementor-widget-heading\" data-id=\"dac649f\" data-element_type=\"widget\" data-e-type=\"widget\" data-widget_type=\"heading.default\">\n\t\t\t\t\t<h2 class=\"elementor-heading-title elementor-size-default\">Privacidad infantil<\/h2>\t\t\t\t<\/div>\n\t\t\t\t<div class=\"elementor-element elementor-element-7ca22db elementor-widget elementor-widget-text-editor\" data-id=\"7ca22db\" data-element_type=\"widget\" data-e-type=\"widget\" data-widget_type=\"text-editor.default\">\n\t\t\t\t\t\t\t\t\t<p data-start=\"8034\" data-end=\"8257\">Nuestro sitio web y nuestros servicios no est\u00e1n dirigidos a ni\u00f1os menores de 16 a\u00f1os. No recopilamos conscientemente datos personales de ni\u00f1os. Si descubrimos que hemos recopilado datos de un ni\u00f1o, los eliminaremos inmediatamente.<\/p>\t\t\t\t\t\t\t\t<\/div>\n\t\t\t\t<div class=\"elementor-element elementor-element-3c492af elementor-widget elementor-widget-heading\" data-id=\"3c492af\" data-element_type=\"widget\" data-e-type=\"widget\" data-widget_type=\"heading.default\">\n\t\t\t\t\t<h2 class=\"elementor-heading-title elementor-size-default\">P\u00f3ngase en contacto con nosotros<\/h2>\t\t\t\t<\/div>\n\t\t\t\t<div class=\"elementor-element elementor-element-18eca5e elementor-widget elementor-widget-text-editor\" data-id=\"18eca5e\" data-element_type=\"widget\" data-e-type=\"widget\" data-widget_type=\"text-editor.default\">\n\t\t\t\t\t\t\t\t\t<p data-start=\"8280\" data-end=\"8403\">Si tiene alguna pregunta, duda o queja sobre esta Pol\u00edtica de Privacidad o nuestras pr\u00e1cticas de datos, p\u00f3ngase en contacto con nosotros en:<\/p>\t\t\t\t\t\t\t\t<\/div>\n\t\t\t\t<div class=\"elementor-element elementor-element-d142fb9 elementor-widget__width-initial elementor-widget-mobile__width-inherit elementor-icon-list--layout-traditional elementor-list-item-link-full_width elementor-widget elementor-widget-icon-list\" data-id=\"d142fb9\" data-element_type=\"widget\" data-e-type=\"widget\" data-widget_type=\"icon-list.default\">\n\t\t\t\t\t\t\t<ul class=\"elementor-icon-list-items\">\n\t\t\t\t\t\t\t<li class=\"elementor-icon-list-item\">\n\t\t\t\t\t\t\t\t\t\t\t<a href=\"mailto:+8613560801783\">\n\n\t\t\t\t\t\t\t\t\t\t\t\t<span class=\"elementor-icon-list-icon\">\n\t\t\t\t\t\t\t<svg aria-hidden=\"true\" class=\"e-font-icon-svg e-fas-phone-alt\" viewbox=\"0 0 512 512\" xmlns=\"http:\/\/www.w3.org\/2000\/svg\"><path d=\"M497.39 361.8l-112-48a24 24 0 0 0-28 6.9l-49.6 60.6A370.66 370.66 0 0 1 130.6 204.11l60.6-49.6a23.94 23.94 0 0 0 6.9-28l-48-112A24.16 24.16 0 0 0 122.6.61l-104 24A24 24 0 0 0 0 48c0 256.5 207.9 464 464 464a24 24 0 0 0 23.4-18.6l24-104a24.29 24.29 0 0 0-14.01-27.6z\"><\/path><\/svg>\t\t\t\t\t\t<\/span>\n\t\t\t\t\t\t\t\t\t\t<span class=\"elementor-icon-list-text\">+86 133 3267 1751<\/span>\n\t\t\t\t\t\t\t\t\t\t\t<\/a>\n\t\t\t\t\t\t\t\t\t<\/li>\n\t\t\t\t\t\t\t\t<li class=\"elementor-icon-list-item\">\n\t\t\t\t\t\t\t\t\t\t\t<a href=\"mailto:leweijixie123@163.com\">\n\n\t\t\t\t\t\t\t\t\t\t\t\t<span class=\"elementor-icon-list-icon\">\n\t\t\t\t\t\t\t<svg aria-hidden=\"true\" class=\"e-font-icon-svg e-far-envelope\" viewbox=\"0 0 512 512\" xmlns=\"http:\/\/www.w3.org\/2000\/svg\"><path d=\"M464 64H48C21.49 64 0 85.49 0 112v288c0 26.51 21.49 48 48 48h416c26.51 0 48-21.49 48-48V112c0-26.51-21.49-48-48-48zm0 48v40.805c-22.422 18.259-58.168 46.651-134.587 106.49-16.841 13.247-50.201 45.072-73.413 44.701-23.208.375-56.579-31.459-73.413-44.701C106.18 199.465 70.425 171.067 48 152.805V112h416zM48 400V214.398c22.914 18.251 55.409 43.862 104.938 82.646 21.857 17.205 60.134 55.186 103.062 54.955 42.717.231 80.509-37.199 103.053-54.947 49.528-38.783 82.032-64.401 104.947-82.653V400H48z\"><\/path><\/svg>\t\t\t\t\t\t<\/span>\n\t\t\t\t\t\t\t\t\t\t<span class=\"elementor-icon-list-text\">coco.xie@cnclewei.com<\/span>\n\t\t\t\t\t\t\t\t\t\t\t<\/a>\n\t\t\t\t\t\t\t\t\t<\/li>\n\t\t\t\t\t\t\t\t<li class=\"elementor-icon-list-item\">\n\t\t\t\t\t\t\t\t\t\t\t<span class=\"elementor-icon-list-icon\">\n\t\t\t\t\t\t\t<svg aria-hidden=\"true\" class=\"e-font-icon-svg e-fas-map-pin\" viewbox=\"0 0 288 512\" xmlns=\"http:\/\/www.w3.org\/2000\/svg\"><path d=\"M112 316.94v156.69l22.02 33.02c4.75 7.12 15.22 7.12 19.97 0L176 473.63V316.94c-10.39 1.92-21.06 3.06-32 3.06s-21.61-1.14-32-3.06zM144 0C64.47 0 0 64.47 0 144s64.47 144 144 144 144-64.47 144-144S223.53 0 144 0zm0 76c-37.5 0-68 30.5-68 68 0 6.62-5.38 12-12 12s-12-5.38-12-12c0-50.73 41.28-92 92-92 6.62 0 12 5.38 12 12s-5.38 12-12 12z\"><\/path><\/svg>\t\t\t\t\t\t<\/span>\n\t\t\t\t\t\t\t\t\t\t<span class=\"elementor-icon-list-text\">Lewei Precision MFG CO LTD Direcci\u00f3n: No.272,Zhongxinjin Road,Shuikou Industrial Zone, Dalang Town,Dongguan City,Guangdong Province .CN 523770<\/span>\n\t\t\t\t\t\t\t\t\t<\/li>\n\t\t\t\t\t\t<\/ul>\n\t\t\t\t\t\t<\/div>\n\t\t\t\t\t<\/div>\n\t\t\t\t<\/div>\n\t\t\t\t<\/div>","protected":false},"excerpt":{"rendered":"<p>PRIVACY POLICY General At Lewei Precision, we respect your privacy and are committed to protecting your personal data. This Privacy Policy explains how we collect, use, and safeguard information when you use our website and precision manufacturing services, including CNC machining, injection molding, sheet metal fabrication, and aluminum material solutions. Information We Collect We collect [&hellip;]<\/p>","protected":false},"author":1,"featured_media":0,"parent":0,"menu_order":0,"comment_status":"closed","ping_status":"closed","template":"","meta":{"_acf_changed":false,"_seopress_robots_primary_cat":"","_seopress_titles_title":"Privacy Policy | Lewei Precision Manufacturing","_seopress_titles_desc":"Lewei Precision's privacy policy. Learn how we collect, use, and protect your personal data when using our CNC machining and manufacturing services.","_seopress_robots_index":"","footnotes":""},"class_list":["post-24357","page","type-page","status-publish","hentry"],"acf":[],"_links":{"self":[{"href":"https:\/\/leweiprecision.com\/es\/wp-json\/wp\/v2\/pages\/24357","targetHints":{"allow":["GET"]}}],"collection":[{"href":"https:\/\/leweiprecision.com\/es\/wp-json\/wp\/v2\/pages"}],"about":[{"href":"https:\/\/leweiprecision.com\/es\/wp-json\/wp\/v2\/types\/page"}],"author":[{"embeddable":true,"href":"https:\/\/leweiprecision.com\/es\/wp-json\/wp\/v2\/users\/1"}],"replies":[{"embeddable":true,"href":"https:\/\/leweiprecision.com\/es\/wp-json\/wp\/v2\/comments?post=24357"}],"version-history":[{"count":1,"href":"https:\/\/leweiprecision.com\/es\/wp-json\/wp\/v2\/pages\/24357\/revisions"}],"predecessor-version":[{"id":26420,"href":"https:\/\/leweiprecision.com\/es\/wp-json\/wp\/v2\/pages\/24357\/revisions\/26420"}],"wp:attachment":[{"href":"https:\/\/leweiprecision.com\/es\/wp-json\/wp\/v2\/media?parent=24357"}],"curies":[{"name":"wp","href":"https:\/\/api.w.org\/{rel}","templated":true}]}}