{"id":24357,"date":"2025-09-13T11:50:58","date_gmt":"2025-09-13T11:50:58","guid":{"rendered":"https:\/\/leweiprecision.com\/?page_id=24357"},"modified":"2025-10-07T06:13:06","modified_gmt":"2025-10-07T06:13:06","slug":"datenschutzbestimmungen","status":"publish","type":"page","link":"https:\/\/leweiprecision.com\/de\/datenschutzbestimmungen\/","title":{"rendered":"Datenschutzbestimmungen"},"content":{"rendered":"<div data-elementor-type=\"wp-page\" data-elementor-id=\"24357\" class=\"elementor elementor-24357\" data-elementor-post-type=\"page\">\n\t\t\t\t<div class=\"elementor-element elementor-element-51da53f e-flex e-con-boxed e-con e-parent\" data-id=\"51da53f\" data-element_type=\"container\" data-e-type=\"container\">\n\t\t\t\t\t<div class=\"e-con-inner\">\n\t\t\t\t<div class=\"elementor-element elementor-element-ca6b280 elementor-widget elementor-widget-heading\" data-id=\"ca6b280\" data-element_type=\"widget\" data-e-type=\"widget\" data-widget_type=\"heading.default\">\n\t\t\t\t\t<h2 class=\"elementor-heading-title elementor-size-default\">DATENSCHUTZPOLITIK\n<\/h2>\t\t\t\t<\/div>\n\t\t\t\t<div class=\"elementor-element elementor-element-00f7bb6 elementor-widget elementor-widget-heading\" data-id=\"00f7bb6\" data-element_type=\"widget\" data-e-type=\"widget\" data-widget_type=\"heading.default\">\n\t\t\t\t\t<h2 class=\"elementor-heading-title elementor-size-default\">Allgemein<\/h2>\t\t\t\t<\/div>\n\t\t\t\t<div class=\"elementor-element elementor-element-9c82a40 elementor-widget elementor-widget-text-editor\" data-id=\"9c82a40\" data-element_type=\"widget\" data-e-type=\"widget\" data-widget_type=\"text-editor.default\">\n\t\t\t\t\t\t\t\t\t<p>Unter <strong data-start=\"203\" data-end=\"222\">Lewei Pr\u00e4zision<\/strong>respektieren wir Ihre Privatsph\u00e4re und verpflichten uns, Ihre pers\u00f6nlichen Daten zu sch\u00fctzen. In dieser Datenschutzerkl\u00e4rung wird erl\u00e4utert, wie wir Informationen erfassen, verwenden und sch\u00fctzen, wenn Sie unsere Website und unsere Dienstleistungen im Bereich der Pr\u00e4zisionsfertigung nutzen, einschlie\u00dflich CNC-Bearbeitung, Spritzguss, Blechfertigung und L\u00f6sungen f\u00fcr Aluminiummaterialien.<\/p>\t\t\t\t\t\t\t\t<\/div>\n\t\t\t\t<div class=\"elementor-element elementor-element-401adcc elementor-widget elementor-widget-heading\" data-id=\"401adcc\" data-element_type=\"widget\" data-e-type=\"widget\" data-widget_type=\"heading.default\">\n\t\t\t\t\t<h2 class=\"elementor-heading-title elementor-size-default\">Gesammelte Informationen<\/h2>\t\t\t\t<\/div>\n\t\t\t\t<div class=\"elementor-element elementor-element-1bcc4df elementor-widget elementor-widget-text-editor\" data-id=\"1bcc4df\" data-element_type=\"widget\" data-e-type=\"widget\" data-widget_type=\"text-editor.default\">\n\t\t\t\t\t\t\t\t\t<p>Wir erfassen pers\u00f6nliche Daten wie Ihren Namen, Ihr Unternehmen, Ihre E-Mail-Adresse, Ihre Telefonnummer und Ihre Rechnungs- oder Lieferadresse, wenn Sie mit unserer Website interagieren. Wir erhalten auch Projektinformationen wie CAD-Dateien, technische Zeichnungen und Spezifikationen, die Sie f\u00fcr Angebote oder Bestellungen hochladen. Die Zahlungsdaten werden sicher von vertrauensw\u00fcrdigen Drittanbietern verarbeitet. Dar\u00fcber hinaus erfassen wir Daten \u00fcber die Nutzung der Website, wie Ihre IP-Adresse, Ihren Browser, den Ger\u00e4tetyp und die besuchten Seiten, um Ihre Erfahrungen zu verbessern.<\/p>\t\t\t\t\t\t\t\t<\/div>\n\t\t\t\t<div class=\"elementor-element elementor-element-187cd54 elementor-widget elementor-widget-heading\" data-id=\"187cd54\" data-element_type=\"widget\" data-e-type=\"widget\" data-widget_type=\"heading.default\">\n\t\t\t\t\t<h2 class=\"elementor-heading-title elementor-size-default\">Cookies und Analytik<\/h2>\t\t\t\t<\/div>\n\t\t\t\t<div class=\"elementor-element elementor-element-903c017 elementor-widget elementor-widget-text-editor\" data-id=\"903c017\" data-element_type=\"widget\" data-e-type=\"widget\" data-widget_type=\"text-editor.default\">\n\t\t\t\t\t\t\t\t\t<p>Unsere Website verwendet Cookies und Analysewerkzeuge, um die Website funktionsf\u00e4hig zu halten, Ihre Pr\u00e4ferenzen zu speichern und die Angebotserstellung zu optimieren. Diese Tools helfen uns auch zu verstehen, wie die Besucher die Website nutzen, was es uns erm\u00f6glicht, die Leistung zu verbessern und relevantere Inhalte anzubieten. Sie k\u00f6nnen die Verwendung von Cookies in Ihrem Browser deaktivieren, aber dies kann sich auf Funktionen wie den Datei-Upload und die sofortige Angebotserstellung auswirken.<\/p>\t\t\t\t\t\t\t\t<\/div>\n\t\t\t\t<div class=\"elementor-element elementor-element-d22fbdd elementor-widget elementor-widget-heading\" data-id=\"d22fbdd\" data-element_type=\"widget\" data-e-type=\"widget\" data-widget_type=\"heading.default\">\n\t\t\t\t\t<h2 class=\"elementor-heading-title elementor-size-default\">Privatnachrichten<\/h2>\t\t\t\t<\/div>\n\t\t\t\t<div class=\"elementor-element elementor-element-f73cb64 elementor-widget elementor-widget-text-editor\" data-id=\"f73cb64\" data-element_type=\"widget\" data-e-type=\"widget\" data-widget_type=\"text-editor.default\">\n\t\t\t\t\t\t\t\t\t<p>Wenn Sie unsere Dienste nutzen, k\u00f6nnen Sie mit uns private Nachrichten (Text, m\u00fcndlich, Bilder, Videos, Standorte, Kontaktdaten) austauschen. Wir speichern diese Nachrichten, um unsere Dienste bereitzustellen und zu verbessern, und wie gesetzlich vorgeschrieben.<\/p>\t\t\t\t\t\t\t\t<\/div>\n\t\t\t\t<div class=\"elementor-element elementor-element-8639482 elementor-widget elementor-widget-heading\" data-id=\"8639482\" data-element_type=\"widget\" data-e-type=\"widget\" data-widget_type=\"heading.default\">\n\t\t\t\t\t<h2 class=\"elementor-heading-title elementor-size-default\">Automatisch generierte Informationen<\/h2>\t\t\t\t<\/div>\n\t\t\t\t<div class=\"elementor-element elementor-element-55adc8d elementor-widget elementor-widget-text-editor\" data-id=\"55adc8d\" data-element_type=\"widget\" data-e-type=\"widget\" data-widget_type=\"text-editor.default\">\n\t\t\t\t\t\t\t\t\t<p data-start=\"2891\" data-end=\"3196\">Wenn Sie unsere Website besuchen, protokollieren wir automatisch Informationen wie Ihre IP-Adresse, den Browsertyp, die Browsersprache, das Betriebssystem, die verweisende Website, die aufgerufenen Seiten, die Verweildauer auf den Seiten und die Zugriffszeiten. Wir k\u00f6nnen diese Informationen auch durch die Verwendung von \"Cookies\" in \u00dcbereinstimmung mit dieser Datenschutzrichtlinie erfassen.<\/p>\n<p data-start=\"3198\" data-end=\"3283\">Jede dieser Kategorien von Informationen kann Ihre \"pers\u00f6nlichen Daten\" darstellen.<\/p>\t\t\t\t\t\t\t\t<\/div>\n\t\t\t\t<div class=\"elementor-element elementor-element-8aec1a4 elementor-widget elementor-widget-heading\" data-id=\"8aec1a4\" data-element_type=\"widget\" data-e-type=\"widget\" data-widget_type=\"heading.default\">\n\t\t\t\t\t<h2 class=\"elementor-heading-title elementor-size-default\">Wie wir Ihre pers\u00f6nlichen Daten verwenden und aus welchen Gr\u00fcnden<\/h2>\t\t\t\t<\/div>\n\t\t\t\t<div class=\"elementor-element elementor-element-a3232ca elementor-widget elementor-widget-text-editor\" data-id=\"a3232ca\" data-element_type=\"widget\" data-e-type=\"widget\" data-widget_type=\"text-editor.default\">\n\t\t\t\t\t\t\t\t\t<p data-start=\"3353\" data-end=\"3403\">Wir k\u00f6nnen Ihre personenbezogenen Daten wie folgt verwenden:<\/p>\n<ul data-start=\"3405\" data-end=\"4364\">\n<li data-start=\"3405\" data-end=\"3549\">\n<p data-start=\"3407\" data-end=\"3549\">Wir bieten unsere Fertigungsdienstleistungen an, einschlie\u00dflich CNC-Bearbeitung, Spritzguss, Blechverarbeitung und L\u00f6sungen f\u00fcr Aluminiumwerkstoffe.<\/p>\n<\/li>\n<li data-start=\"3550\" data-end=\"3690\">\n<p data-start=\"3552\" data-end=\"3690\">Zur Erleichterung der Kommunikation, die f\u00fcr die Erbringung unserer Dienstleistungen erforderlich ist, einschlie\u00dflich der Weitergabe personenbezogener Daten, wenn dies zur Ausf\u00fchrung einer Bestellung erforderlich ist.<\/p>\n<\/li>\n<li data-start=\"3691\" data-end=\"3754\">\n<p data-start=\"3693\" data-end=\"3754\">Um unsere Website und Dienste zu betreiben, zu pflegen und zu verbessern.<\/p>\n<\/li>\n<li data-start=\"3755\" data-end=\"3823\">\n<p data-start=\"3757\" data-end=\"3823\">Beantwortung von Kommentaren und Fragen und Bereitstellung von Kundensupport.<\/p>\n<\/li>\n<li data-start=\"3824\" data-end=\"3940\">\n<p data-start=\"3826\" data-end=\"3940\">Zum Versenden von Auftragsbest\u00e4tigungen, Rechnungen, technischen Mitteilungen, Updates, Sicherheitswarnungen und Verwaltungsmitteilungen.<\/p>\n<\/li>\n<li data-start=\"3941\" data-end=\"4075\">\n<p data-start=\"3943\" data-end=\"4075\">Um Sie \u00fcber Werbeaktionen, neue Dienstleistungen, Materialien und andere Aktualisierungen zu informieren, die von uns oder vertrauensw\u00fcrdigen Partnern angeboten werden (mit Ihrer Zustimmung).<\/p>\n<\/li>\n<li data-start=\"4076\" data-end=\"4143\">\n<p data-start=\"4078\" data-end=\"4143\">Um Sie \u00fcber \u00c4nderungen an unserer Website, unseren Dienstleistungen oder Bedingungen zu informieren.<\/p>\n<\/li>\n<li data-start=\"4144\" data-end=\"4208\">\n<p data-start=\"4146\" data-end=\"4208\">Analyse von Nutzungstrends und Verbesserung der Marketingeffektivit\u00e4t.<\/p>\n<\/li>\n<li data-start=\"4209\" data-end=\"4285\">\n<p data-start=\"4211\" data-end=\"4285\">Kombination von Nutzerinformationen mit anderen Daten f\u00fcr eine bessere Bereitstellung von Diensten.<\/p>\n<\/li>\n<li data-start=\"4286\" data-end=\"4364\">\n<p data-start=\"4288\" data-end=\"4364\">Zur Erf\u00fcllung gesetzlicher Anforderungen, zur Durchsetzung von Vereinbarungen und zum Schutz von Rechten.<\/p>\n<\/li>\n<\/ul>\n<p data-start=\"4366\" data-end=\"4526\">Wir k\u00f6nnen personenbezogene Daten auch an Beh\u00f6rden oder Dritte weitergeben, wenn dies zu rechtlichen, Schutz- oder Sicherheitszwecken erforderlich ist, einschlie\u00dflich der Verhinderung von Betrug und der Einhaltung von Vorschriften.<\/p>\n<p data-start=\"4528\" data-end=\"4734\">Die Kontrolle und\/oder Verarbeitung Ihrer personenbezogenen Daten basiert auf Ihrer Zustimmung, der Erf\u00fcllung einer Vereinbarung mit Ihnen, der Einhaltung einer gesetzlichen Verpflichtung oder unseren legitimen Gesch\u00e4ftsinteressen.<\/p>\t\t\t\t\t\t\t\t<\/div>\n\t\t\t\t<div class=\"elementor-element elementor-element-9a7898e elementor-widget elementor-widget-heading\" data-id=\"9a7898e\" data-element_type=\"widget\" data-e-type=\"widget\" data-widget_type=\"heading.default\">\n\t\t\t\t\t<h2 class=\"elementor-heading-title elementor-size-default\">Wie lange wir Ihre pers\u00f6nlichen Informationen aufbewahren<\/h2>\t\t\t\t<\/div>\n\t\t\t\t<div class=\"elementor-element elementor-element-5a94eb3 elementor-widget elementor-widget-text-editor\" data-id=\"5a94eb3\" data-element_type=\"widget\" data-e-type=\"widget\" data-widget_type=\"text-editor.default\">\n\t\t\t\t\t\t\t\t\t<p data-start=\"4789\" data-end=\"4897\">Wir bewahren personenbezogene Daten nicht l\u00e4nger als n\u00f6tig auf. Die Aufbewahrung h\u00e4ngt von der Grundlage der Verarbeitung ab:<\/p>\n<ul data-start=\"4899\" data-end=\"5326\">\n<li data-start=\"4899\" data-end=\"4956\">\n<p data-start=\"4901\" data-end=\"4956\"><strong data-start=\"4901\" data-end=\"4913\">Einverstanden:<\/strong> Die Daten werden gespeichert, bis Sie Ihre Zustimmung widerrufen.<\/p>\n<\/li>\n<li data-start=\"4957\" data-end=\"5069\">\n<p data-start=\"4959\" data-end=\"5069\"><strong data-start=\"4959\" data-end=\"4973\">Vereinbarung:<\/strong> Die Daten werden bis zu sieben Jahre nach Beendigung des Vertragsverh\u00e4ltnisses oder der Beilegung von Streitigkeiten gespeichert.<\/p>\n<\/li>\n<li data-start=\"5070\" data-end=\"5142\">\n<p data-start=\"5072\" data-end=\"5142\"><strong data-start=\"5072\" data-end=\"5093\">Gesetzliche Verpflichtung:<\/strong> Die Daten werden f\u00fcr den gesetzlich vorgeschriebenen Zeitraum gespeichert.<\/p>\n<\/li>\n<li data-start=\"5143\" data-end=\"5251\">\n<p data-start=\"5145\" data-end=\"5251\"><strong data-start=\"5145\" data-end=\"5161\">Rekrutierung:<\/strong> Die Bewerberdaten werden nach drei Monaten anonymisiert, es sei denn, Sie entscheiden sich daf\u00fcr, in Kontakt zu bleiben.<\/p>\n<\/li>\n<li data-start=\"5252\" data-end=\"5326\">\n<p data-start=\"5254\" data-end=\"5326\"><strong data-start=\"5254\" data-end=\"5266\">Kekse:<\/strong> Je nach Art maximal zwei Jahre haltbar.<\/p>\n<\/li>\n<\/ul>\t\t\t\t\t\t\t\t<\/div>\n\t\t\t\t<div class=\"elementor-element elementor-element-e9c9911 elementor-widget elementor-widget-heading\" data-id=\"e9c9911\" data-element_type=\"widget\" data-e-type=\"widget\" data-widget_type=\"heading.default\">\n\t\t\t\t\t<h2 class=\"elementor-heading-title elementor-size-default\">Dritte Parteien<\/h2>\t\t\t\t<\/div>\n\t\t\t\t<div class=\"elementor-element elementor-element-dc6af0d elementor-widget elementor-widget-text-editor\" data-id=\"dc6af0d\" data-element_type=\"widget\" data-e-type=\"widget\" data-widget_type=\"text-editor.default\">\n\t\t\t\t\t\t\t\t\t<p data-start=\"5836\" data-end=\"6137\">Wir beauftragen Dritte mit der Ausf\u00fchrung von Funktionen in unserem Namen, einschlie\u00dflich Hosting, Analysen, Zahlungsabwicklung, Versand, Steuerberechnung und CAD-Dateiverwaltung. Diese Dritten verarbeiten Ihre personenbezogenen Daten nur im Rahmen der Erbringung der Dienstleistungen und unter strenger Vertraulichkeitsverpflichtung.<\/p>\n<p data-start=\"6139\" data-end=\"6347\">Wenn Ihre personenbezogenen Daten in ein anderes Land \u00fcbermittelt werden, gew\u00e4hrleisten wir einen angemessenen Schutz im Einklang mit den geltenden Gesetzen, wie z. B. der DSGVO, durch Standardvertragsklauseln oder andere genehmigte Mechanismen.<\/p>\t\t\t\t\t\t\t\t<\/div>\n\t\t\t\t<div class=\"elementor-element elementor-element-0fff430 elementor-widget elementor-widget-heading\" data-id=\"0fff430\" data-element_type=\"widget\" data-e-type=\"widget\" data-widget_type=\"heading.default\">\n\t\t\t\t\t<h2 class=\"elementor-heading-title elementor-size-default\">Sicherheit<\/h2>\t\t\t\t<\/div>\n\t\t\t\t<div class=\"elementor-element elementor-element-826e414 elementor-widget elementor-widget-text-editor\" data-id=\"826e414\" data-element_type=\"widget\" data-e-type=\"widget\" data-widget_type=\"text-editor.default\">\n\t\t\t\t\t\t\t\t\t<p data-start=\"6897\" data-end=\"7106\">Wir setzen technische und organisatorische Ma\u00dfnahmen ein, um Ihre pers\u00f6nlichen Daten vor unbefugtem Zugriff, Verlust, Missbrauch oder Offenlegung zu sch\u00fctzen. Dazu geh\u00f6ren Verschl\u00fcsselung, sichere Server und eingeschr\u00e4nkter Zugang.<\/p>\n<p data-start=\"7108\" data-end=\"7313\">Allerdings ist keine Methode der \u00dcbertragung \u00fcber das Internet 100% sicher. Obwohl wir uns bem\u00fchen, Ihre Daten zu sch\u00fctzen, k\u00f6nnen wir keine absolute Sicherheit garantieren. Die \u00dcbermittlung personenbezogener Daten erfolgt auf Ihr eigenes Risiko.<\/p>\t\t\t\t\t\t\t\t<\/div>\n\t\t\t\t<div class=\"elementor-element elementor-element-dac649f elementor-widget elementor-widget-heading\" data-id=\"dac649f\" data-element_type=\"widget\" data-e-type=\"widget\" data-widget_type=\"heading.default\">\n\t\t\t\t\t<h2 class=\"elementor-heading-title elementor-size-default\">Datenschutz f\u00fcr Kinder<\/h2>\t\t\t\t<\/div>\n\t\t\t\t<div class=\"elementor-element elementor-element-7ca22db elementor-widget elementor-widget-text-editor\" data-id=\"7ca22db\" data-element_type=\"widget\" data-e-type=\"widget\" data-widget_type=\"text-editor.default\">\n\t\t\t\t\t\t\t\t\t<p data-start=\"8034\" data-end=\"8257\">Unsere Website und unsere Dienstleistungen richten sich nicht an Kinder unter 16 Jahren. Wir sammeln nicht wissentlich personenbezogene Daten von Kindern. Wenn wir feststellen, dass wir Daten von einem Kind gesammelt haben, werden wir diese sofort l\u00f6schen.<\/p>\t\t\t\t\t\t\t\t<\/div>\n\t\t\t\t<div class=\"elementor-element elementor-element-3c492af elementor-widget elementor-widget-heading\" data-id=\"3c492af\" data-element_type=\"widget\" data-e-type=\"widget\" data-widget_type=\"heading.default\">\n\t\t\t\t\t<h2 class=\"elementor-heading-title elementor-size-default\">Kontakt<\/h2>\t\t\t\t<\/div>\n\t\t\t\t<div class=\"elementor-element elementor-element-18eca5e elementor-widget elementor-widget-text-editor\" data-id=\"18eca5e\" data-element_type=\"widget\" data-e-type=\"widget\" data-widget_type=\"text-editor.default\">\n\t\t\t\t\t\t\t\t\t<p data-start=\"8280\" data-end=\"8403\">Wenn Sie Fragen, Bedenken oder Beschwerden zu dieser Datenschutzrichtlinie oder unseren Datenpraktiken haben, wenden Sie sich bitte an uns:<\/p>\t\t\t\t\t\t\t\t<\/div>\n\t\t\t\t<div class=\"elementor-element elementor-element-d142fb9 elementor-widget__width-initial elementor-widget-mobile__width-inherit elementor-icon-list--layout-traditional elementor-list-item-link-full_width elementor-widget elementor-widget-icon-list\" data-id=\"d142fb9\" data-element_type=\"widget\" data-e-type=\"widget\" data-widget_type=\"icon-list.default\">\n\t\t\t\t\t\t\t<ul class=\"elementor-icon-list-items\">\n\t\t\t\t\t\t\t<li class=\"elementor-icon-list-item\">\n\t\t\t\t\t\t\t\t\t\t\t<a href=\"mailto:+8613560801783\">\n\n\t\t\t\t\t\t\t\t\t\t\t\t<span class=\"elementor-icon-list-icon\">\n\t\t\t\t\t\t\t<svg aria-hidden=\"true\" class=\"e-font-icon-svg e-fas-phone-alt\" viewbox=\"0 0 512 512\" xmlns=\"http:\/\/www.w3.org\/2000\/svg\"><path d=\"M497.39 361.8l-112-48a24 24 0 0 0-28 6.9l-49.6 60.6A370.66 370.66 0 0 1 130.6 204.11l60.6-49.6a23.94 23.94 0 0 0 6.9-28l-48-112A24.16 24.16 0 0 0 122.6.61l-104 24A24 24 0 0 0 0 48c0 256.5 207.9 464 464 464a24 24 0 0 0 23.4-18.6l24-104a24.29 24.29 0 0 0-14.01-27.6z\"><\/path><\/svg>\t\t\t\t\t\t<\/span>\n\t\t\t\t\t\t\t\t\t\t<span class=\"elementor-icon-list-text\">+86 133 3267 1751<\/span>\n\t\t\t\t\t\t\t\t\t\t\t<\/a>\n\t\t\t\t\t\t\t\t\t<\/li>\n\t\t\t\t\t\t\t\t<li class=\"elementor-icon-list-item\">\n\t\t\t\t\t\t\t\t\t\t\t<a href=\"mailto:leweijixie123@163.com\">\n\n\t\t\t\t\t\t\t\t\t\t\t\t<span class=\"elementor-icon-list-icon\">\n\t\t\t\t\t\t\t<svg aria-hidden=\"true\" class=\"e-font-icon-svg e-far-envelope\" viewbox=\"0 0 512 512\" xmlns=\"http:\/\/www.w3.org\/2000\/svg\"><path d=\"M464 64H48C21.49 64 0 85.49 0 112v288c0 26.51 21.49 48 48 48h416c26.51 0 48-21.49 48-48V112c0-26.51-21.49-48-48-48zm0 48v40.805c-22.422 18.259-58.168 46.651-134.587 106.49-16.841 13.247-50.201 45.072-73.413 44.701-23.208.375-56.579-31.459-73.413-44.701C106.18 199.465 70.425 171.067 48 152.805V112h416zM48 400V214.398c22.914 18.251 55.409 43.862 104.938 82.646 21.857 17.205 60.134 55.186 103.062 54.955 42.717.231 80.509-37.199 103.053-54.947 49.528-38.783 82.032-64.401 104.947-82.653V400H48z\"><\/path><\/svg>\t\t\t\t\t\t<\/span>\n\t\t\t\t\t\t\t\t\t\t<span class=\"elementor-icon-list-text\">coco.xie@cnclewei.com<\/span>\n\t\t\t\t\t\t\t\t\t\t\t<\/a>\n\t\t\t\t\t\t\t\t\t<\/li>\n\t\t\t\t\t\t\t\t<li class=\"elementor-icon-list-item\">\n\t\t\t\t\t\t\t\t\t\t\t<span class=\"elementor-icon-list-icon\">\n\t\t\t\t\t\t\t<svg aria-hidden=\"true\" class=\"e-font-icon-svg e-fas-map-pin\" viewbox=\"0 0 288 512\" xmlns=\"http:\/\/www.w3.org\/2000\/svg\"><path d=\"M112 316.94v156.69l22.02 33.02c4.75 7.12 15.22 7.12 19.97 0L176 473.63V316.94c-10.39 1.92-21.06 3.06-32 3.06s-21.61-1.14-32-3.06zM144 0C64.47 0 0 64.47 0 144s64.47 144 144 144 144-64.47 144-144S223.53 0 144 0zm0 76c-37.5 0-68 30.5-68 68 0 6.62-5.38 12-12 12s-12-5.38-12-12c0-50.73 41.28-92 92-92 6.62 0 12 5.38 12 12s-5.38 12-12 12z\"><\/path><\/svg>\t\t\t\t\t\t<\/span>\n\t\t\t\t\t\t\t\t\t\t<span class=\"elementor-icon-list-text\">Lewei Precision MFG CO LTD Anschrift: No.272,Zhongxinjin Road,Shuikou Industrial Zone, Dalang Town,Dongguan City,Guangdong Province .CN 523770<\/span>\n\t\t\t\t\t\t\t\t\t<\/li>\n\t\t\t\t\t\t<\/ul>\n\t\t\t\t\t\t<\/div>\n\t\t\t\t\t<\/div>\n\t\t\t\t<\/div>\n\t\t\t\t<\/div>","protected":false},"excerpt":{"rendered":"<p>PRIVACY POLICY General At Lewei Precision, we respect your privacy and are committed to protecting your personal data. This Privacy Policy explains how we collect, use, and safeguard information when you use our website and precision manufacturing services, including CNC machining, injection molding, sheet metal fabrication, and aluminum material solutions. Information We Collect We collect [&hellip;]<\/p>","protected":false},"author":1,"featured_media":0,"parent":0,"menu_order":0,"comment_status":"closed","ping_status":"closed","template":"","meta":{"_acf_changed":false,"_seopress_robots_primary_cat":"","_seopress_titles_title":"Privacy Policy | Lewei Precision Manufacturing","_seopress_titles_desc":"Lewei Precision's privacy policy. Learn how we collect, use, and protect your personal data when using our CNC machining and manufacturing services.","_seopress_robots_index":"","footnotes":""},"class_list":["post-24357","page","type-page","status-publish","hentry"],"acf":[],"_links":{"self":[{"href":"https:\/\/leweiprecision.com\/de\/wp-json\/wp\/v2\/pages\/24357","targetHints":{"allow":["GET"]}}],"collection":[{"href":"https:\/\/leweiprecision.com\/de\/wp-json\/wp\/v2\/pages"}],"about":[{"href":"https:\/\/leweiprecision.com\/de\/wp-json\/wp\/v2\/types\/page"}],"author":[{"embeddable":true,"href":"https:\/\/leweiprecision.com\/de\/wp-json\/wp\/v2\/users\/1"}],"replies":[{"embeddable":true,"href":"https:\/\/leweiprecision.com\/de\/wp-json\/wp\/v2\/comments?post=24357"}],"version-history":[{"count":1,"href":"https:\/\/leweiprecision.com\/de\/wp-json\/wp\/v2\/pages\/24357\/revisions"}],"predecessor-version":[{"id":26420,"href":"https:\/\/leweiprecision.com\/de\/wp-json\/wp\/v2\/pages\/24357\/revisions\/26420"}],"wp:attachment":[{"href":"https:\/\/leweiprecision.com\/de\/wp-json\/wp\/v2\/media?parent=24357"}],"curies":[{"name":"wp","href":"https:\/\/api.w.org\/{rel}","templated":true}]}}